{"id":521,"date":"2025-07-07T08:25:33","date_gmt":"2025-07-07T08:25:33","guid":{"rendered":"https:\/\/theodevries.com\/?page_id=521"},"modified":"2026-03-26T10:49:17","modified_gmt":"2026-03-26T10:49:17","slug":"theo-de-vries-one-man-trio","status":"publish","type":"page","link":"https:\/\/theodevries.com\/?page_id=521&lang=de","title":{"rendered":"THEO DE VRIES \u2013 ONE MAN TRIO"},"content":{"rendered":"\r\n\r\n<p class=\"wp-block-site-tagline\">Swing is the Thing<\/p>\r\n\r\n\r\n<p><img loading=\"lazy\" decoding=\"async\" class=\"size-medium wp-image-470 aligncenter\" src=\"https:\/\/theodevries.com\/wp-content\/uploads\/2025\/05\/LOGO-one-man-trio-300x224.png\" alt=\"\" width=\"300\" height=\"224\" srcset=\"https:\/\/theodevries.com\/wp-content\/uploads\/2025\/05\/LOGO-one-man-trio-300x224.png 300w, https:\/\/theodevries.com\/wp-content\/uploads\/2025\/05\/LOGO-one-man-trio-1024x765.png 1024w, https:\/\/theodevries.com\/wp-content\/uploads\/2025\/05\/LOGO-one-man-trio-768x573.png 768w, https:\/\/theodevries.com\/wp-content\/uploads\/2025\/05\/LOGO-one-man-trio-1536x1147.png 1536w, https:\/\/theodevries.com\/wp-content\/uploads\/2025\/05\/LOGO-one-man-trio.png 1650w\" sizes=\"auto, (max-width: 300px) 100vw, 300px\" \/><\/p>\r\n<p><strong>Der Sound einer komplettes Trio \u2013 von einem Musiker live gespielt.<\/strong><\/p>\r\n<p><iframe loading=\"lazy\" title=\"THEO DE VRIES one man band bei der Neujahrsempfang Deutsch-Niederl\u00e4ndischen Business Club\" width=\"660\" height=\"371\" src=\"https:\/\/www.youtube.com\/embed\/vGHPR5Hbu1E?feature=oembed\" frameborder=\"0\" allow=\"accelerometer; autoplay; clipboard-write; encrypted-media; gyroscope; picture-in-picture; web-share\" referrerpolicy=\"strict-origin-when-cross-origin\" allowfullscreen><\/iframe><\/p>\r\n<p><img loading=\"lazy\" decoding=\"async\" class=\"size-medium wp-image-25 alignleft\" src=\"https:\/\/theodevries.com\/wp-content\/uploads\/2022\/05\/Theo-De-Vries-241x300.jpg\" alt=\"\" width=\"241\" height=\"300\" srcset=\"https:\/\/theodevries.com\/wp-content\/uploads\/2022\/05\/Theo-De-Vries-241x300.jpg 241w, https:\/\/theodevries.com\/wp-content\/uploads\/2022\/05\/Theo-De-Vries-824x1024.jpg 824w, https:\/\/theodevries.com\/wp-content\/uploads\/2022\/05\/Theo-De-Vries-768x954.jpg 768w, https:\/\/theodevries.com\/wp-content\/uploads\/2022\/05\/Theo-De-Vries.jpg 970w\" sizes=\"auto, (max-width: 241px) 100vw, 241px\" \/><\/p>\r\n<p>Suchen Sie stilvolle Live-Musik mit voller Klangf\u00fclle, aber ohne den Aufwand einer ganzen Band? Das <em>One Man Trio <\/em>kombiniert Live-Piano und Gesang mit einem realistischen Triosound.<\/p>\r\n<p>\ud83d\udc49 Ideal f\u00fcr Events, bei denen Qualit\u00e4t und Atmosph\u00e4re z\u00e4hlen.<\/p>\r\n<div contenteditable=\"false\"><hr \/><\/div>\r\n<h2>Was macht es besonders?<\/h2>\r\n<ul data-spread=\"false\">\r\n<li><strong>Live Piano &amp; Gesang<\/strong> \u2013 alles wird live gespielt<\/li>\r\n<li><strong>Voller Bandsound<\/strong> \u2013 wie ein Trio (Piano, Bass, Schlagzeug)<\/li>\r\n<li><strong>Stilvolles Repertoire<\/strong> \u2013 Jazz, Swing, Easy Listening, Bossa<\/li>\r\n<li><strong>Angenehme Lautst\u00e4rke<\/strong> \u2013 nie aufdringlich<\/li>\r\n<li><strong>Flexibel &amp; kompakt<\/strong> \u2013 wenig Platz erforderlich<\/li>\r\n<\/ul>\r\n<p>\ud83d\udc49 Der Klang einer Band mit der Flexibilit\u00e4t eines Solok\u00fcnstlers.<\/p>\r\n<div contenteditable=\"false\"><hr \/><\/div>\r\n<h2>Geeignet f\u00fcr<\/h2>\r\n<ul data-spread=\"false\">\r\n<li>Hochzeiten<\/li>\r\n<li>Dinner &amp; Restaurants<\/li>\r\n<li>Sektempf\u00e4nge<\/li>\r\n<li>Firmenevents<\/li>\r\n<li>Private Feiern<\/li>\r\n<\/ul>\r\n<p><strong>Theo de Vries kann bei Bedarf mit musikalischen G\u00e4sten wie einer S\u00e4ngerin und\/oder einem Saxofonisten erg\u00e4nzt werden \u2013 f\u00fcr ein noch vielseitigeres Live-Erlebnis<\/strong><\/p>\r\n<ul class=\"wp-block-list\">\r\n<li>\r\n<h3 data-start=\"152\" data-end=\"180\"><span style=\"font-size: 20px;\">Auch im Trio buchbar:<\/span><\/h3>\r\n<\/li>\r\n<\/ul>\r\n<h4 class=\"wp-block-heading\"><img loading=\"lazy\" decoding=\"async\" class=\"size-medium wp-image-1090 alignleft\" src=\"https:\/\/theodevries.com\/wp-content\/uploads\/2025\/07\/LOGO-SWING-TRIO-new-300x300.png\" alt=\"\" width=\"300\" height=\"300\" srcset=\"https:\/\/theodevries.com\/wp-content\/uploads\/2025\/07\/LOGO-SWING-TRIO-new-300x300.png 300w, https:\/\/theodevries.com\/wp-content\/uploads\/2025\/07\/LOGO-SWING-TRIO-new-150x150.png 150w, https:\/\/theodevries.com\/wp-content\/uploads\/2025\/07\/LOGO-SWING-TRIO-new-768x768.png 768w, https:\/\/theodevries.com\/wp-content\/uploads\/2025\/07\/LOGO-SWING-TRIO-new.png 1024w\" sizes=\"auto, (max-width: 300px) 100vw, 300px\" \/>Neben seinem Solo-Act tritt Theo de Vries auch im akustischen\u00a0Swing Trio\u00a0auf \u2013 mit Piano, Kontrabass und Drums \u2013 lebendig, authentisch, elegant.<\/h4>\r\n\r\n\r\n\r\n\r\n\r\n<p><a href=\"https:\/\/theodevries.com\/?page_id=545&amp;lang=de\"><strong>TRIO<\/strong><\/a><\/p>\r\n<p>&nbsp;<\/p>\r\n<p><iframe loading=\"lazy\" title=\"JAZZ by the SEA \u201eDomburg\u201c The Netherlands 2024 &quot;THEO DE VRIES TRIO&quot;\" width=\"660\" height=\"371\" src=\"https:\/\/www.youtube.com\/embed\/GgtInYfzBT4?start=89&#038;feature=oembed\" frameborder=\"0\" allow=\"accelerometer; autoplay; clipboard-write; encrypted-media; gyroscope; picture-in-picture; web-share\" referrerpolicy=\"strict-origin-when-cross-origin\" allowfullscreen><\/iframe><\/p>\r\n<p><strong>Verw\u00f6hnen Sie Ihre G\u00e4ste mit echter Livemusik \u2013 im Duo, Trio oder solo.<\/strong><\/p>\r\n\r\n\r\n\r\n<p><strong>Technik inklusive:<\/strong><br \/>Theo de Vries bringt sein eigenes professionelles Stagepiano sowie eine hochwertige Beschallungsanlage mit.<\/p>\r\n\r\n\r\n\r\n<p>\ud83d\udc49 Interesse? Jetzt unverbindlich anfragen:<\/p>\r\n<p><a href=\"https:\/\/theodevries.com\/?page_id=1230\"><em><strong>KONTAKT<\/strong><\/em><\/a><\/p>\r\n\r\n\r\n\r\n<p>&nbsp;<\/p>\r\n\r\n\r\n<!-- FOTOSEKTION START -->\r\n\r\n\r\n<div class=\"wp-block-columns are-vertically-aligned-center\" style=\"margin-top: 30px;\">\r\n<div class=\"wp-block-column is-vertically-aligned-center\">\u00a0<\/div>\r\n<\/div>\r\n<!-- FOTOSEKTION ENDE -->","protected":false},"excerpt":{"rendered":"<p>Der Sound einer komplettes Trio \u2013 von einem Musiker live gespielt. Suchen Sie stilvolle Live-Musik mit voller Klangf\u00fclle, aber ohne den Aufwand einer ganzen Band? Das One Man Trio kombiniert &hellip; <a href=\"https:\/\/theodevries.com\/?page_id=521&#038;lang=de\" class=\"more-link\"><span class=\"screen-reader-text\">THEO DE VRIES \u2013 ONE MAN TRIO<\/span> weiterlesen<\/a><\/p>\n","protected":false},"author":1,"featured_media":0,"parent":0,"menu_order":0,"comment_status":"closed","ping_status":"closed","template":"","meta":{"_editorskit_title_hidden":false,"_editorskit_reading_time":0,"_editorskit_is_block_options_detached":false,"_editorskit_block_options_position":"{}","_uag_custom_page_level_css":"","footnotes":""},"class_list":["post-521","page","type-page","status-publish","hentry"],"yoast_head":"<!-- This site is optimized with the Yoast SEO plugin v27.4 - https:\/\/yoast.com\/product\/yoast-seo-wordpress\/ -->\n<title>THEO DE VRIES \u2013 ONE MAN TRIO - Theo Solo - Theo de Vries JazZ Trio<\/title>\n<meta name=\"robots\" content=\"index, follow, max-snippet:-1, max-image-preview:large, max-video-preview:-1\" \/>\n<link rel=\"canonical\" href=\"https:\/\/theodevries.com\/?page_id=521&lang=de\" \/>\n<meta property=\"og:locale\" content=\"de_DE\" \/>\n<meta property=\"og:type\" content=\"article\" \/>\n<meta property=\"og:title\" content=\"THEO DE VRIES \u2013 ONE MAN TRIO - Theo Solo - Theo de Vries JazZ Trio\" \/>\n<meta property=\"og:description\" content=\"Der Sound einer komplettes Trio \u2013 von einem Musiker live gespielt. Suchen Sie stilvolle Live-Musik mit voller Klangf\u00fclle, aber ohne den Aufwand einer ganzen Band? Das One Man Trio kombiniert &hellip; THEO DE VRIES \u2013 ONE MAN TRIO weiterlesen\" \/>\n<meta property=\"og:url\" content=\"https:\/\/theodevries.com\/?page_id=521&amp;lang=de\" \/>\n<meta property=\"og:site_name\" content=\"Theo Solo - Theo de Vries JazZ Trio\" \/>\n<meta property=\"article:modified_time\" content=\"2026-03-26T10:49:17+00:00\" \/>\n<meta property=\"og:image\" content=\"https:\/\/theodevries.com\/wp-content\/uploads\/2025\/05\/LOGO-one-man-trio.png\" \/>\n\t<meta property=\"og:image:width\" content=\"1650\" \/>\n\t<meta property=\"og:image:height\" content=\"1232\" \/>\n\t<meta property=\"og:image:type\" content=\"image\/png\" \/>\n<meta name=\"twitter:card\" content=\"summary_large_image\" \/>\n<meta name=\"twitter:label1\" content=\"Gesch\u00e4tzte Lesezeit\" \/>\n\t<meta name=\"twitter:data1\" content=\"2\u00a0Minuten\" \/>\n<script type=\"application\/ld+json\" class=\"yoast-schema-graph\">{\"@context\":\"https:\\\/\\\/schema.org\",\"@graph\":[{\"@type\":\"WebPage\",\"@id\":\"https:\\\/\\\/theodevries.com\\\/?page_id=521&lang=de\",\"url\":\"https:\\\/\\\/theodevries.com\\\/?page_id=521&lang=de\",\"name\":\"THEO DE VRIES \u2013 ONE MAN TRIO - Theo Solo - Theo de Vries JazZ Trio\",\"isPartOf\":{\"@id\":\"https:\\\/\\\/theodevries.com\\\/#website\"},\"primaryImageOfPage\":{\"@id\":\"https:\\\/\\\/theodevries.com\\\/?page_id=521&lang=de#primaryimage\"},\"image\":{\"@id\":\"https:\\\/\\\/theodevries.com\\\/?page_id=521&lang=de#primaryimage\"},\"thumbnailUrl\":\"https:\\\/\\\/theodevries.com\\\/wp-content\\\/uploads\\\/2025\\\/05\\\/LOGO-one-man-trio-300x224.png\",\"datePublished\":\"2025-07-07T08:25:33+00:00\",\"dateModified\":\"2026-03-26T10:49:17+00:00\",\"breadcrumb\":{\"@id\":\"https:\\\/\\\/theodevries.com\\\/?page_id=521&lang=de#breadcrumb\"},\"inLanguage\":\"de\",\"potentialAction\":[{\"@type\":\"ReadAction\",\"target\":[\"https:\\\/\\\/theodevries.com\\\/?page_id=521&lang=de\"]}]},{\"@type\":\"ImageObject\",\"inLanguage\":\"de\",\"@id\":\"https:\\\/\\\/theodevries.com\\\/?page_id=521&lang=de#primaryimage\",\"url\":\"https:\\\/\\\/theodevries.com\\\/wp-content\\\/uploads\\\/2025\\\/05\\\/LOGO-one-man-trio.png\",\"contentUrl\":\"https:\\\/\\\/theodevries.com\\\/wp-content\\\/uploads\\\/2025\\\/05\\\/LOGO-one-man-trio.png\",\"width\":1650,\"height\":1232},{\"@type\":\"BreadcrumbList\",\"@id\":\"https:\\\/\\\/theodevries.com\\\/?page_id=521&lang=de#breadcrumb\",\"itemListElement\":[{\"@type\":\"ListItem\",\"position\":1,\"name\":\"Startseite\",\"item\":\"https:\\\/\\\/theodevries.com\\\/\"},{\"@type\":\"ListItem\",\"position\":2,\"name\":\"THEO DE VRIES \u2013 ONE MAN TRIO\"}]},{\"@type\":\"WebSite\",\"@id\":\"https:\\\/\\\/theodevries.com\\\/#website\",\"url\":\"https:\\\/\\\/theodevries.com\\\/\",\"name\":\"Theo Solo - Theo de Vries JazZ Trio\",\"description\":\"Swing is the Thing\",\"publisher\":{\"@id\":\"https:\\\/\\\/theodevries.com\\\/#\\\/schema\\\/person\\\/32e0901c2afe5e6f5194b7ae069ea613\"},\"potentialAction\":[{\"@type\":\"SearchAction\",\"target\":{\"@type\":\"EntryPoint\",\"urlTemplate\":\"https:\\\/\\\/theodevries.com\\\/?s={search_term_string}\"},\"query-input\":{\"@type\":\"PropertyValueSpecification\",\"valueRequired\":true,\"valueName\":\"search_term_string\"}}],\"inLanguage\":\"de\"},{\"@type\":[\"Person\",\"Organization\"],\"@id\":\"https:\\\/\\\/theodevries.com\\\/#\\\/schema\\\/person\\\/32e0901c2afe5e6f5194b7ae069ea613\",\"name\":\"admin\",\"image\":{\"@type\":\"ImageObject\",\"inLanguage\":\"de\",\"@id\":\"https:\\\/\\\/theodevries.com\\\/wp-content\\\/uploads\\\/2025\\\/07\\\/cropped-LOGO-one-man-trio-2-1.png\",\"url\":\"https:\\\/\\\/theodevries.com\\\/wp-content\\\/uploads\\\/2025\\\/07\\\/cropped-LOGO-one-man-trio-2-1.png\",\"contentUrl\":\"https:\\\/\\\/theodevries.com\\\/wp-content\\\/uploads\\\/2025\\\/07\\\/cropped-LOGO-one-man-trio-2-1.png\",\"width\":248,\"height\":189,\"caption\":\"admin\"},\"logo\":{\"@id\":\"https:\\\/\\\/theodevries.com\\\/wp-content\\\/uploads\\\/2025\\\/07\\\/cropped-LOGO-one-man-trio-2-1.png\"},\"sameAs\":[\"https:\\\/\\\/theodevries.com\"]}]}<\/script>\n<!-- \/ Yoast SEO plugin. -->","yoast_head_json":{"title":"THEO DE VRIES \u2013 ONE MAN TRIO - Theo Solo - Theo de Vries JazZ Trio","robots":{"index":"index","follow":"follow","max-snippet":"max-snippet:-1","max-image-preview":"max-image-preview:large","max-video-preview":"max-video-preview:-1"},"canonical":"https:\/\/theodevries.com\/?page_id=521&lang=de","og_locale":"de_DE","og_type":"article","og_title":"THEO DE VRIES \u2013 ONE MAN TRIO - Theo Solo - Theo de Vries JazZ Trio","og_description":"Der Sound einer komplettes Trio \u2013 von einem Musiker live gespielt. Suchen Sie stilvolle Live-Musik mit voller Klangf\u00fclle, aber ohne den Aufwand einer ganzen Band? Das One Man Trio kombiniert &hellip; THEO DE VRIES \u2013 ONE MAN TRIO weiterlesen","og_url":"https:\/\/theodevries.com\/?page_id=521&lang=de","og_site_name":"Theo Solo - Theo de Vries JazZ Trio","article_modified_time":"2026-03-26T10:49:17+00:00","og_image":[{"width":1650,"height":1232,"url":"https:\/\/theodevries.com\/wp-content\/uploads\/2025\/05\/LOGO-one-man-trio.png","type":"image\/png"}],"twitter_card":"summary_large_image","twitter_misc":{"Gesch\u00e4tzte Lesezeit":"2\u00a0Minuten"},"schema":{"@context":"https:\/\/schema.org","@graph":[{"@type":"WebPage","@id":"https:\/\/theodevries.com\/?page_id=521&lang=de","url":"https:\/\/theodevries.com\/?page_id=521&lang=de","name":"THEO DE VRIES \u2013 ONE MAN TRIO - Theo Solo - Theo de Vries JazZ Trio","isPartOf":{"@id":"https:\/\/theodevries.com\/#website"},"primaryImageOfPage":{"@id":"https:\/\/theodevries.com\/?page_id=521&lang=de#primaryimage"},"image":{"@id":"https:\/\/theodevries.com\/?page_id=521&lang=de#primaryimage"},"thumbnailUrl":"https:\/\/theodevries.com\/wp-content\/uploads\/2025\/05\/LOGO-one-man-trio-300x224.png","datePublished":"2025-07-07T08:25:33+00:00","dateModified":"2026-03-26T10:49:17+00:00","breadcrumb":{"@id":"https:\/\/theodevries.com\/?page_id=521&lang=de#breadcrumb"},"inLanguage":"de","potentialAction":[{"@type":"ReadAction","target":["https:\/\/theodevries.com\/?page_id=521&lang=de"]}]},{"@type":"ImageObject","inLanguage":"de","@id":"https:\/\/theodevries.com\/?page_id=521&lang=de#primaryimage","url":"https:\/\/theodevries.com\/wp-content\/uploads\/2025\/05\/LOGO-one-man-trio.png","contentUrl":"https:\/\/theodevries.com\/wp-content\/uploads\/2025\/05\/LOGO-one-man-trio.png","width":1650,"height":1232},{"@type":"BreadcrumbList","@id":"https:\/\/theodevries.com\/?page_id=521&lang=de#breadcrumb","itemListElement":[{"@type":"ListItem","position":1,"name":"Startseite","item":"https:\/\/theodevries.com\/"},{"@type":"ListItem","position":2,"name":"THEO DE VRIES \u2013 ONE MAN TRIO"}]},{"@type":"WebSite","@id":"https:\/\/theodevries.com\/#website","url":"https:\/\/theodevries.com\/","name":"Theo Solo - Theo de Vries JazZ Trio","description":"Swing is the Thing","publisher":{"@id":"https:\/\/theodevries.com\/#\/schema\/person\/32e0901c2afe5e6f5194b7ae069ea613"},"potentialAction":[{"@type":"SearchAction","target":{"@type":"EntryPoint","urlTemplate":"https:\/\/theodevries.com\/?s={search_term_string}"},"query-input":{"@type":"PropertyValueSpecification","valueRequired":true,"valueName":"search_term_string"}}],"inLanguage":"de"},{"@type":["Person","Organization"],"@id":"https:\/\/theodevries.com\/#\/schema\/person\/32e0901c2afe5e6f5194b7ae069ea613","name":"admin","image":{"@type":"ImageObject","inLanguage":"de","@id":"https:\/\/theodevries.com\/wp-content\/uploads\/2025\/07\/cropped-LOGO-one-man-trio-2-1.png","url":"https:\/\/theodevries.com\/wp-content\/uploads\/2025\/07\/cropped-LOGO-one-man-trio-2-1.png","contentUrl":"https:\/\/theodevries.com\/wp-content\/uploads\/2025\/07\/cropped-LOGO-one-man-trio-2-1.png","width":248,"height":189,"caption":"admin"},"logo":{"@id":"https:\/\/theodevries.com\/wp-content\/uploads\/2025\/07\/cropped-LOGO-one-man-trio-2-1.png"},"sameAs":["https:\/\/theodevries.com"]}]}},"uagb_featured_image_src":{"full":false,"thumbnail":false,"medium":false,"medium_large":false,"large":false,"1536x1536":false,"2048x2048":false,"post-thumbnail":false},"uagb_author_info":{"display_name":"admin","author_link":"https:\/\/theodevries.com\/?author=1"},"uagb_comment_info":0,"uagb_excerpt":"Der Sound einer komplettes Trio \u2013 von einem Musiker live gespielt. Suchen Sie stilvolle Live-Musik mit voller Klangf\u00fclle, aber ohne den Aufwand einer ganzen Band? Das One Man Trio kombiniert &hellip; THEO DE VRIES \u2013 ONE MAN TRIO weiterlesen","_links":{"self":[{"href":"https:\/\/theodevries.com\/index.php?rest_route=\/wp\/v2\/pages\/521","targetHints":{"allow":["GET"]}}],"collection":[{"href":"https:\/\/theodevries.com\/index.php?rest_route=\/wp\/v2\/pages"}],"about":[{"href":"https:\/\/theodevries.com\/index.php?rest_route=\/wp\/v2\/types\/page"}],"author":[{"embeddable":true,"href":"https:\/\/theodevries.com\/index.php?rest_route=\/wp\/v2\/users\/1"}],"replies":[{"embeddable":true,"href":"https:\/\/theodevries.com\/index.php?rest_route=%2Fwp%2Fv2%2Fcomments&post=521"}],"version-history":[{"count":22,"href":"https:\/\/theodevries.com\/index.php?rest_route=\/wp\/v2\/pages\/521\/revisions"}],"predecessor-version":[{"id":1270,"href":"https:\/\/theodevries.com\/index.php?rest_route=\/wp\/v2\/pages\/521\/revisions\/1270"}],"wp:attachment":[{"href":"https:\/\/theodevries.com\/index.php?rest_route=%2Fwp%2Fv2%2Fmedia&parent=521"}],"curies":[{"name":"wp","href":"https:\/\/api.w.org\/{rel}","templated":true}]}}