{"id":545,"date":"2025-07-07T08:40:42","date_gmt":"2025-07-07T08:40:42","guid":{"rendered":"https:\/\/theodevries.com\/?page_id=545"},"modified":"2026-04-07T09:36:25","modified_gmt":"2026-04-07T09:36:25","slug":"theo-de-vries-swing-trio","status":"publish","type":"page","link":"https:\/\/theodevries.com\/?page_id=545&lang=de","title":{"rendered":"THEO DE VRIES &#8211; SWING TRIO"},"content":{"rendered":"<h1 class=\"has-text-align-center\"><img loading=\"lazy\" decoding=\"async\" class=\"size-medium wp-image-1090 aligncenter\" src=\"https:\/\/theodevries.com\/wp-content\/uploads\/2025\/07\/LOGO-SWING-TRIO-new-300x300.png\" alt=\"\" width=\"300\" height=\"300\" srcset=\"https:\/\/theodevries.com\/wp-content\/uploads\/2025\/07\/LOGO-SWING-TRIO-new-300x300.png 300w, https:\/\/theodevries.com\/wp-content\/uploads\/2025\/07\/LOGO-SWING-TRIO-new-150x150.png 150w, https:\/\/theodevries.com\/wp-content\/uploads\/2025\/07\/LOGO-SWING-TRIO-new-768x768.png 768w, https:\/\/theodevries.com\/wp-content\/uploads\/2025\/07\/LOGO-SWING-TRIO-new.png 1024w\" sizes=\"auto, (max-width: 300px) 100vw, 300px\" \/><\/h1>\r\n\r\n<p class=\"has-text-align-center\" style=\"text-align: center;\"><strong><em>Ein groovendes Trio mit Klasse, Charme &amp; Crooner-Stimme<\/em><\/strong><\/p>\r\n\r\n\r\n\r\n<h3 data-start=\"116\" data-end=\"178\"><strong data-start=\"968\" data-end=\"985\">\ud83c\udfb9<\/strong> Live-Jazz mit Stil, Flair und einem zug\u00e4nglichen Groove<\/h3>\r\n<p><iframe loading=\"lazy\" title=\"JAZZ TRIO THEO DE VRIES in Concert September 2025 Apeldoorn\" width=\"660\" height=\"371\" src=\"https:\/\/www.youtube.com\/embed\/OHFBTCzN37Q?feature=oembed\" frameborder=\"0\" allow=\"accelerometer; autoplay; clipboard-write; encrypted-media; gyroscope; picture-in-picture; web-share\" referrerpolicy=\"strict-origin-when-cross-origin\" allowfullscreen><\/iframe><\/p>\r\n<p data-start=\"180\" data-end=\"400\"><img loading=\"lazy\" decoding=\"async\" class=\"size-medium wp-image-144 alignleft\" src=\"https:\/\/theodevries.com\/wp-content\/uploads\/2022\/05\/Theo-de-Vries-Swing-Trio-Eindhoven-300x193.jpg\" alt=\"\" width=\"300\" height=\"193\" srcset=\"https:\/\/theodevries.com\/wp-content\/uploads\/2022\/05\/Theo-de-Vries-Swing-Trio-Eindhoven-300x193.jpg 300w, https:\/\/theodevries.com\/wp-content\/uploads\/2022\/05\/Theo-de-Vries-Swing-Trio-Eindhoven-1024x658.jpg 1024w, https:\/\/theodevries.com\/wp-content\/uploads\/2022\/05\/Theo-de-Vries-Swing-Trio-Eindhoven-768x494.jpg 768w, https:\/\/theodevries.com\/wp-content\/uploads\/2022\/05\/Theo-de-Vries-Swing-Trio-Eindhoven.jpg 1080w\" sizes=\"auto, (max-width: 300px) 100vw, 300px\" \/>Das Swing-Trio rund um Pianist und S\u00e4nger <strong data-start=\"222\" data-end=\"239\">Theo de Vries<\/strong> spielt eine mitrei\u00dfende Mischung aus <strong data-start=\"277\" data-end=\"315\">Jazz, Swing, Latin, Boogie &amp; Blues<\/strong> \u2013 inspiriert von Gr\u00f6\u00dfen wie <em data-start=\"344\" data-end=\"360\">Oscar Peterson<\/em>, <em data-start=\"362\" data-end=\"377\">Erroll Garner<\/em> und <em data-start=\"382\" data-end=\"399\">Monty Alexander<\/em>.<\/p>\r\n<p data-start=\"402\" data-end=\"521\">Theo ist nicht nur Pianist, sondern auch ein charmanter Crooner mit einer gro\u00dfen Liebe zum <strong data-start=\"493\" data-end=\"520\">Great American Songbook<\/strong>.<\/p>\r\n<p><iframe loading=\"lazy\" title=\"JAZZ by the SEA \u201eDomburg\u201c The Netherlands 2024 &quot;THEO DE VRIES TRIO&quot;\" width=\"660\" height=\"371\" src=\"https:\/\/www.youtube.com\/embed\/GgtInYfzBT4?feature=oembed\" frameborder=\"0\" allow=\"accelerometer; autoplay; clipboard-write; encrypted-media; gyroscope; picture-in-picture; web-share\" referrerpolicy=\"strict-origin-when-cross-origin\" allowfullscreen><\/iframe><\/p>\r\n<p data-start=\"523\" data-end=\"665\">Gemeinsam mit Spitzenmusikern aus der <strong data-start=\"561\" data-end=\"605\">niederl\u00e4ndischen und deutschen Jazzszene<\/strong> steht er f\u00fcr <strong data-start=\"619\" data-end=\"664\">echte Livemusik voller Klasse und Energie<\/strong>.<\/p>\r\n<p><iframe loading=\"lazy\" title=\"Theo de Vries Sings\" width=\"660\" height=\"371\" src=\"https:\/\/www.youtube.com\/embed\/8IxixABpsyw?feature=oembed\" frameborder=\"0\" allow=\"accelerometer; autoplay; clipboard-write; encrypted-media; gyroscope; picture-in-picture; web-share\" referrerpolicy=\"strict-origin-when-cross-origin\" allowfullscreen><\/iframe><\/p>\r\n<hr data-start=\"667\" data-end=\"670\" \/>\r\n<h3 data-start=\"672\" data-end=\"689\">\ud83c\udfaf Ideal f\u00fcr:<img loading=\"lazy\" decoding=\"async\" class=\" wp-image-1140 alignright\" src=\"https:\/\/theodevries.com\/wp-content\/uploads\/2025\/07\/Trio-Jazz-by-the-Sea-2-300x225.jpeg\" alt=\"\" width=\"291\" height=\"218\" srcset=\"https:\/\/theodevries.com\/wp-content\/uploads\/2025\/07\/Trio-Jazz-by-the-Sea-2-300x225.jpeg 300w, https:\/\/theodevries.com\/wp-content\/uploads\/2025\/07\/Trio-Jazz-by-the-Sea-2-1024x768.jpeg 1024w, https:\/\/theodevries.com\/wp-content\/uploads\/2025\/07\/Trio-Jazz-by-the-Sea-2-768x576.jpeg 768w, https:\/\/theodevries.com\/wp-content\/uploads\/2025\/07\/Trio-Jazz-by-the-Sea-2-1536x1152.jpeg 1536w, https:\/\/theodevries.com\/wp-content\/uploads\/2025\/07\/Trio-Jazz-by-the-Sea-2.jpeg 2048w\" sizes=\"auto, (max-width: 291px) 100vw, 291px\" \/><\/h3>\r\n<ul data-start=\"691\" data-end=\"821\">\r\n<li data-start=\"729\" data-end=\"746\">\r\n<p data-start=\"731\" data-end=\"746\">Jazzfestivals<\/p>\r\n<\/li>\r\n<li data-start=\"747\" data-end=\"772\">\r\n<p data-start=\"749\" data-end=\"772\">Kulturveranstaltungen<\/p>\r\n<\/li>\r\n<li data-start=\"773\" data-end=\"791\">\r\n<p data-start=\"775\" data-end=\"791\">Dinnerkonzerte<\/p>\r\n<\/li>\r\n<li data-start=\"792\" data-end=\"821\">\r\n<p data-start=\"794\" data-end=\"821\">Stilvolle Feiern &amp; Events<\/p>\r\n<\/li>\r\n<\/ul>\r\n<p data-start=\"823\" data-end=\"883\">\ud83c\udfb6 <strong data-start=\"826\" data-end=\"883\">F\u00fcr Jung und Alt \u2013 Musik mit Charakter und Atmosph\u00e4re<\/strong><\/p>\r\n<hr data-start=\"885\" data-end=\"888\" \/>\r\n<h3 data-start=\"890\" data-end=\"909\">\ud83d\udce6 Kompaktinfo:<\/h3>\r\n<ul data-start=\"911\" data-end=\"1241\">\r\n<li data-start=\"911\" data-end=\"965\">\r\n<p data-start=\"913\" data-end=\"965\"><strong data-start=\"913\" data-end=\"925\">\u00a0Stil:<\/strong> Jazz \u00b7 Swing \u00b7 Latin \u00b7 Boogie &amp; Blues<\/p>\r\n<\/li>\r\n<li data-start=\"966\" data-end=\"1020\">\r\n<p data-start=\"968\" data-end=\"1020\"><strong data-start=\"968\" data-end=\"985\">\u00a0Besetzung:<\/strong> Klavier, Kontrabass &amp; Schlagzeug \/Das Trio kann bei Bedarf mit musikalischen G\u00e4sten wie einer S\u00e4ngerin und\/oder einem Saxofonisten erg\u00e4nzt werden \u2013 f\u00fcr ein noch vielseitigeres Live-Erlebnis.<\/p>\r\n<\/li>\r\n<li data-start=\"1021\" data-end=\"1093\">\r\n<p data-start=\"1023\" data-end=\"1093\"><strong data-start=\"1023\" data-end=\"1037\">\u00a0Gesang:<\/strong> Theo de Vries interpretiert ausgew\u00e4hlte Jazzklassiker<\/p>\r\n<\/li>\r\n<li data-start=\"1094\" data-end=\"1138\">\r\n<p data-start=\"1096\" data-end=\"1138\"><strong data-start=\"1096\" data-end=\"1111\">\u00a0Technik:<\/strong> Eigene Tonanlage m\u00f6glich<\/p>\r\n<\/li>\r\n<li data-start=\"1139\" data-end=\"1206\">\r\n<p data-start=\"1141\" data-end=\"1206\"><strong data-start=\"1141\" data-end=\"1158\">\u00a0Spielzeit:<\/strong> Flexibel (z.\u202fB. 2 \u00d7 45 Min. oder 1 \u00d7 75 Min.)<\/p>\r\n<\/li>\r\n<\/ul>\r\n\r\n<div class=\"wp-block-buttons\">\r\n<div class=\"wp-block-button\"><a href=\"https:\/\/theodevries.com\/?page_id=1230\"><em><strong>KONTAKT<\/strong><\/em><\/a><\/div>\r\n<\/div>","protected":false},"excerpt":{"rendered":"<p>Ein groovendes Trio mit Klasse, Charme &amp; Crooner-Stimme \ud83c\udfb9 Live-Jazz mit Stil, Flair und einem zug\u00e4nglichen Groove Das Swing-Trio rund um Pianist und S\u00e4nger Theo de Vries spielt eine mitrei\u00dfende &hellip; <a href=\"https:\/\/theodevries.com\/?page_id=545&#038;lang=de\" class=\"more-link\"><span class=\"screen-reader-text\">THEO DE VRIES &#8211; SWING TRIO<\/span> weiterlesen<\/a><\/p>\n","protected":false},"author":1,"featured_media":0,"parent":0,"menu_order":0,"comment_status":"closed","ping_status":"closed","template":"","meta":{"_editorskit_title_hidden":false,"_editorskit_reading_time":0,"_editorskit_is_block_options_detached":false,"_editorskit_block_options_position":"{}","_uag_custom_page_level_css":"","footnotes":""},"class_list":["post-545","page","type-page","status-publish","hentry"],"yoast_head":"<!-- This site is optimized with the Yoast SEO plugin v27.4 - https:\/\/yoast.com\/product\/yoast-seo-wordpress\/ -->\n<title>THEO DE VRIES - SWING TRIO - Theo Solo - Theo de Vries JazZ Trio<\/title>\n<meta name=\"robots\" content=\"index, follow, max-snippet:-1, max-image-preview:large, max-video-preview:-1\" \/>\n<link rel=\"canonical\" href=\"https:\/\/theodevries.com\/?page_id=545&lang=de\" \/>\n<meta property=\"og:locale\" content=\"de_DE\" \/>\n<meta property=\"og:type\" content=\"article\" \/>\n<meta property=\"og:title\" content=\"THEO DE VRIES - SWING TRIO - Theo Solo - Theo de Vries JazZ Trio\" \/>\n<meta property=\"og:description\" content=\"Ein groovendes Trio mit Klasse, Charme &amp; Crooner-Stimme \ud83c\udfb9 Live-Jazz mit Stil, Flair und einem zug\u00e4nglichen Groove Das Swing-Trio rund um Pianist und S\u00e4nger Theo de Vries spielt eine mitrei\u00dfende &hellip; THEO DE VRIES &#8211; SWING TRIO weiterlesen\" \/>\n<meta property=\"og:url\" content=\"https:\/\/theodevries.com\/?page_id=545&amp;lang=de\" \/>\n<meta property=\"og:site_name\" content=\"Theo Solo - Theo de Vries JazZ Trio\" \/>\n<meta property=\"article:modified_time\" content=\"2026-04-07T09:36:25+00:00\" \/>\n<meta property=\"og:image\" content=\"https:\/\/theodevries.com\/wp-content\/uploads\/2025\/07\/LOGO-SWING-TRIO-new.png\" \/>\n\t<meta property=\"og:image:width\" content=\"1024\" \/>\n\t<meta property=\"og:image:height\" content=\"1024\" \/>\n\t<meta property=\"og:image:type\" content=\"image\/png\" \/>\n<meta name=\"twitter:card\" content=\"summary_large_image\" \/>\n<meta name=\"twitter:label1\" content=\"Gesch\u00e4tzte Lesezeit\" \/>\n\t<meta name=\"twitter:data1\" content=\"2\u00a0Minuten\" \/>\n<script type=\"application\/ld+json\" class=\"yoast-schema-graph\">{\"@context\":\"https:\\\/\\\/schema.org\",\"@graph\":[{\"@type\":\"WebPage\",\"@id\":\"https:\\\/\\\/theodevries.com\\\/?page_id=545&lang=de\",\"url\":\"https:\\\/\\\/theodevries.com\\\/?page_id=545&lang=de\",\"name\":\"THEO DE VRIES - SWING TRIO - Theo Solo - Theo de Vries JazZ Trio\",\"isPartOf\":{\"@id\":\"https:\\\/\\\/theodevries.com\\\/#website\"},\"primaryImageOfPage\":{\"@id\":\"https:\\\/\\\/theodevries.com\\\/?page_id=545&lang=de#primaryimage\"},\"image\":{\"@id\":\"https:\\\/\\\/theodevries.com\\\/?page_id=545&lang=de#primaryimage\"},\"thumbnailUrl\":\"https:\\\/\\\/theodevries.com\\\/wp-content\\\/uploads\\\/2025\\\/07\\\/LOGO-SWING-TRIO-new-300x300.png\",\"datePublished\":\"2025-07-07T08:40:42+00:00\",\"dateModified\":\"2026-04-07T09:36:25+00:00\",\"breadcrumb\":{\"@id\":\"https:\\\/\\\/theodevries.com\\\/?page_id=545&lang=de#breadcrumb\"},\"inLanguage\":\"de\",\"potentialAction\":[{\"@type\":\"ReadAction\",\"target\":[\"https:\\\/\\\/theodevries.com\\\/?page_id=545&lang=de\"]}]},{\"@type\":\"ImageObject\",\"inLanguage\":\"de\",\"@id\":\"https:\\\/\\\/theodevries.com\\\/?page_id=545&lang=de#primaryimage\",\"url\":\"https:\\\/\\\/theodevries.com\\\/wp-content\\\/uploads\\\/2025\\\/07\\\/LOGO-SWING-TRIO-new.png\",\"contentUrl\":\"https:\\\/\\\/theodevries.com\\\/wp-content\\\/uploads\\\/2025\\\/07\\\/LOGO-SWING-TRIO-new.png\",\"width\":1024,\"height\":1024},{\"@type\":\"BreadcrumbList\",\"@id\":\"https:\\\/\\\/theodevries.com\\\/?page_id=545&lang=de#breadcrumb\",\"itemListElement\":[{\"@type\":\"ListItem\",\"position\":1,\"name\":\"Startseite\",\"item\":\"https:\\\/\\\/theodevries.com\\\/\"},{\"@type\":\"ListItem\",\"position\":2,\"name\":\"THEO DE VRIES &#8211; SWING TRIO\"}]},{\"@type\":\"WebSite\",\"@id\":\"https:\\\/\\\/theodevries.com\\\/#website\",\"url\":\"https:\\\/\\\/theodevries.com\\\/\",\"name\":\"Theo Solo - Theo de Vries JazZ Trio\",\"description\":\"Swing is the Thing\",\"publisher\":{\"@id\":\"https:\\\/\\\/theodevries.com\\\/#\\\/schema\\\/person\\\/32e0901c2afe5e6f5194b7ae069ea613\"},\"potentialAction\":[{\"@type\":\"SearchAction\",\"target\":{\"@type\":\"EntryPoint\",\"urlTemplate\":\"https:\\\/\\\/theodevries.com\\\/?s={search_term_string}\"},\"query-input\":{\"@type\":\"PropertyValueSpecification\",\"valueRequired\":true,\"valueName\":\"search_term_string\"}}],\"inLanguage\":\"de\"},{\"@type\":[\"Person\",\"Organization\"],\"@id\":\"https:\\\/\\\/theodevries.com\\\/#\\\/schema\\\/person\\\/32e0901c2afe5e6f5194b7ae069ea613\",\"name\":\"admin\",\"image\":{\"@type\":\"ImageObject\",\"inLanguage\":\"de\",\"@id\":\"https:\\\/\\\/theodevries.com\\\/wp-content\\\/uploads\\\/2025\\\/07\\\/cropped-LOGO-one-man-trio-2-1.png\",\"url\":\"https:\\\/\\\/theodevries.com\\\/wp-content\\\/uploads\\\/2025\\\/07\\\/cropped-LOGO-one-man-trio-2-1.png\",\"contentUrl\":\"https:\\\/\\\/theodevries.com\\\/wp-content\\\/uploads\\\/2025\\\/07\\\/cropped-LOGO-one-man-trio-2-1.png\",\"width\":248,\"height\":189,\"caption\":\"admin\"},\"logo\":{\"@id\":\"https:\\\/\\\/theodevries.com\\\/wp-content\\\/uploads\\\/2025\\\/07\\\/cropped-LOGO-one-man-trio-2-1.png\"},\"sameAs\":[\"https:\\\/\\\/theodevries.com\"]}]}<\/script>\n<!-- \/ Yoast SEO plugin. -->","yoast_head_json":{"title":"THEO DE VRIES - SWING TRIO - Theo Solo - Theo de Vries JazZ Trio","robots":{"index":"index","follow":"follow","max-snippet":"max-snippet:-1","max-image-preview":"max-image-preview:large","max-video-preview":"max-video-preview:-1"},"canonical":"https:\/\/theodevries.com\/?page_id=545&lang=de","og_locale":"de_DE","og_type":"article","og_title":"THEO DE VRIES - SWING TRIO - Theo Solo - Theo de Vries JazZ Trio","og_description":"Ein groovendes Trio mit Klasse, Charme &amp; Crooner-Stimme \ud83c\udfb9 Live-Jazz mit Stil, Flair und einem zug\u00e4nglichen Groove Das Swing-Trio rund um Pianist und S\u00e4nger Theo de Vries spielt eine mitrei\u00dfende &hellip; THEO DE VRIES &#8211; SWING TRIO weiterlesen","og_url":"https:\/\/theodevries.com\/?page_id=545&lang=de","og_site_name":"Theo Solo - Theo de Vries JazZ Trio","article_modified_time":"2026-04-07T09:36:25+00:00","og_image":[{"width":1024,"height":1024,"url":"https:\/\/theodevries.com\/wp-content\/uploads\/2025\/07\/LOGO-SWING-TRIO-new.png","type":"image\/png"}],"twitter_card":"summary_large_image","twitter_misc":{"Gesch\u00e4tzte Lesezeit":"2\u00a0Minuten"},"schema":{"@context":"https:\/\/schema.org","@graph":[{"@type":"WebPage","@id":"https:\/\/theodevries.com\/?page_id=545&lang=de","url":"https:\/\/theodevries.com\/?page_id=545&lang=de","name":"THEO DE VRIES - SWING TRIO - Theo Solo - Theo de Vries JazZ Trio","isPartOf":{"@id":"https:\/\/theodevries.com\/#website"},"primaryImageOfPage":{"@id":"https:\/\/theodevries.com\/?page_id=545&lang=de#primaryimage"},"image":{"@id":"https:\/\/theodevries.com\/?page_id=545&lang=de#primaryimage"},"thumbnailUrl":"https:\/\/theodevries.com\/wp-content\/uploads\/2025\/07\/LOGO-SWING-TRIO-new-300x300.png","datePublished":"2025-07-07T08:40:42+00:00","dateModified":"2026-04-07T09:36:25+00:00","breadcrumb":{"@id":"https:\/\/theodevries.com\/?page_id=545&lang=de#breadcrumb"},"inLanguage":"de","potentialAction":[{"@type":"ReadAction","target":["https:\/\/theodevries.com\/?page_id=545&lang=de"]}]},{"@type":"ImageObject","inLanguage":"de","@id":"https:\/\/theodevries.com\/?page_id=545&lang=de#primaryimage","url":"https:\/\/theodevries.com\/wp-content\/uploads\/2025\/07\/LOGO-SWING-TRIO-new.png","contentUrl":"https:\/\/theodevries.com\/wp-content\/uploads\/2025\/07\/LOGO-SWING-TRIO-new.png","width":1024,"height":1024},{"@type":"BreadcrumbList","@id":"https:\/\/theodevries.com\/?page_id=545&lang=de#breadcrumb","itemListElement":[{"@type":"ListItem","position":1,"name":"Startseite","item":"https:\/\/theodevries.com\/"},{"@type":"ListItem","position":2,"name":"THEO DE VRIES &#8211; SWING TRIO"}]},{"@type":"WebSite","@id":"https:\/\/theodevries.com\/#website","url":"https:\/\/theodevries.com\/","name":"Theo Solo - Theo de Vries JazZ Trio","description":"Swing is the Thing","publisher":{"@id":"https:\/\/theodevries.com\/#\/schema\/person\/32e0901c2afe5e6f5194b7ae069ea613"},"potentialAction":[{"@type":"SearchAction","target":{"@type":"EntryPoint","urlTemplate":"https:\/\/theodevries.com\/?s={search_term_string}"},"query-input":{"@type":"PropertyValueSpecification","valueRequired":true,"valueName":"search_term_string"}}],"inLanguage":"de"},{"@type":["Person","Organization"],"@id":"https:\/\/theodevries.com\/#\/schema\/person\/32e0901c2afe5e6f5194b7ae069ea613","name":"admin","image":{"@type":"ImageObject","inLanguage":"de","@id":"https:\/\/theodevries.com\/wp-content\/uploads\/2025\/07\/cropped-LOGO-one-man-trio-2-1.png","url":"https:\/\/theodevries.com\/wp-content\/uploads\/2025\/07\/cropped-LOGO-one-man-trio-2-1.png","contentUrl":"https:\/\/theodevries.com\/wp-content\/uploads\/2025\/07\/cropped-LOGO-one-man-trio-2-1.png","width":248,"height":189,"caption":"admin"},"logo":{"@id":"https:\/\/theodevries.com\/wp-content\/uploads\/2025\/07\/cropped-LOGO-one-man-trio-2-1.png"},"sameAs":["https:\/\/theodevries.com"]}]}},"uagb_featured_image_src":{"full":false,"thumbnail":false,"medium":false,"medium_large":false,"large":false,"1536x1536":false,"2048x2048":false,"post-thumbnail":false},"uagb_author_info":{"display_name":"admin","author_link":"https:\/\/theodevries.com\/?author=1"},"uagb_comment_info":0,"uagb_excerpt":"Ein groovendes Trio mit Klasse, Charme &amp; Crooner-Stimme \ud83c\udfb9 Live-Jazz mit Stil, Flair und einem zug\u00e4nglichen Groove Das Swing-Trio rund um Pianist und S\u00e4nger Theo de Vries spielt eine mitrei\u00dfende &hellip; THEO DE VRIES &#8211; SWING TRIO weiterlesen","_links":{"self":[{"href":"https:\/\/theodevries.com\/index.php?rest_route=\/wp\/v2\/pages\/545","targetHints":{"allow":["GET"]}}],"collection":[{"href":"https:\/\/theodevries.com\/index.php?rest_route=\/wp\/v2\/pages"}],"about":[{"href":"https:\/\/theodevries.com\/index.php?rest_route=\/wp\/v2\/types\/page"}],"author":[{"embeddable":true,"href":"https:\/\/theodevries.com\/index.php?rest_route=\/wp\/v2\/users\/1"}],"replies":[{"embeddable":true,"href":"https:\/\/theodevries.com\/index.php?rest_route=%2Fwp%2Fv2%2Fcomments&post=545"}],"version-history":[{"count":17,"href":"https:\/\/theodevries.com\/index.php?rest_route=\/wp\/v2\/pages\/545\/revisions"}],"predecessor-version":[{"id":1273,"href":"https:\/\/theodevries.com\/index.php?rest_route=\/wp\/v2\/pages\/545\/revisions\/1273"}],"wp:attachment":[{"href":"https:\/\/theodevries.com\/index.php?rest_route=%2Fwp%2Fv2%2Fmedia&parent=545"}],"curies":[{"name":"wp","href":"https:\/\/api.w.org\/{rel}","templated":true}]}}